{"id":2099,"date":"2020-06-05T01:32:07","date_gmt":"2020-06-05T01:32:07","guid":{"rendered":"http:\/\/maximusdesign.com.mx\/?page_id=2099"},"modified":"2020-06-08T02:22:06","modified_gmt":"2020-06-08T02:22:06","slug":"laser-de-fibra-optica","status":"publish","type":"page","link":"https:\/\/maximusdesign.com.mx\/?page_id=2099","title":{"rendered":"L\u00e1ser de Fibra \u00d3ptica"},"content":{"rendered":"<p>[vc_row][vc_column el_class=\u00bbcolor-black\u00bb css=\u00bb.vc_custom_1590970726072{margin-top: 30px !important;}\u00bb offset=\u00bbvc_hidden-lg vc_hidden-md vc_hidden-sm vc_col-xs-12&#8243;][vc_column_text]<\/p>\n<h4 style=\"font-family: 'Spartan', sans-serif; line-height: 1.3; font-weight: 900;\">Precisi\u00f3n en<br \/>\n<span style=\"color: #00abeb;\">CORTE<\/span>.<\/h4>\n<p>[\/vc_column_text][vc_column_text]<\/p>\n<h1 class=\"titulo-servicio\" style=\"font-family: 'Spartan', sans-serif; line-height: 1; font-weight: bold; font-size: 45px;\">L\u00e1ser Fibra \u00d3ptica<\/h1>\n<p>[\/vc_column_text][vc_column_text]<\/p>\n<h6 style=\"max-width: 640px; font-family: 'Spartan', sans-serif; line-height: 1.5; font-weight: 400;\">Nuestra cortadora l\u00e1ser de fibra \u00f3ptica es una m\u00e1quina que corta metales por medio de tecnolog\u00eda l\u00e1ser, misma que es generada por un resonador que genera cierta cantidad de energ\u00eda, la cual circula por un cable de fibra \u00f3ptica logrando cortes sumamente r\u00e1pidos, limpios y sofisticados.<\/h6>\n<p>[\/vc_column_text][vc_column_text]<\/p>\n<h6><a href=\"https:\/\/maximusdesign.com.mx\/?page_id=2099\"><b> &gt; Fibra \u00d3ptica<\/b><\/a>\u00a0 \u00a0<a href=\"https:\/\/maximusdesign.com.mx\/?page_id=1424\">Corte L\u00e1ser<\/a>\u00a0 \u00a0<a href=\"https:\/\/maximusdesign.com.mx\/?page_id=1657\">Mobiliario POP<\/a>\u00a0 \u00a0<a href=\"https:\/\/maximusdesign.com.mx\/?page_id=2005\">Celos\u00edas<\/a>\u00a0 \u00a0<a href=\"https:\/\/maximusdesign.com.mx\/?page_id=1624\">Anuncios Luminosos<\/a><\/h6>\n<p>[\/vc_column_text][\/vc_column][\/vc_row][vc_row][vc_column el_class=\u00bbcolor-black\u00bb css=\u00bb.vc_custom_1590970783102{margin-top: 30px !important;}\u00bb offset=\u00bbvc_hidden-xs\u00bb][vc_column_text]<\/p>\n<h4 style=\"font-family: 'Spartan', sans-serif; line-height: 1.3; font-weight: 900;\">Precisi\u00f3n en<br \/>\n<span style=\"color: #00abeb;\">CORTE<\/span>.<\/h4>\n<p>[\/vc_column_text][vc_column_text]<\/p>\n<h1 class=\"titulo-servicio\" style=\"font-family: 'Spartan', sans-serif; line-height: 1; font-weight: bold;\">L\u00e1ser Fibra \u00d3ptica<\/h1>\n<p>[\/vc_column_text][vc_column_text]<\/p>\n<h6 style=\"max-width: 640px; font-family: 'Spartan', sans-serif; line-height: 1.5; font-weight: 400;\">Nuestra cortadora l\u00e1ser de fibra \u00f3ptica es una m\u00e1quina que corta metales por medio de tecnolog\u00eda l\u00e1ser, misma que es generada por un resonador que genera cierta cantidad de energ\u00eda, la cual circula por un cable de fibra \u00f3ptica logrando cortes sumamente r\u00e1pidos, limpios y sofisticados.<\/h6>\n<p>[\/vc_column_text][vc_column_text]<\/p>\n<h6><a href=\"https:\/\/maximusdesign.com.mx\/?page_id=2099\"><b> &gt; Fibra \u00d3ptica<\/b><\/a>\u00a0 \u00a0<a href=\"https:\/\/maximusdesign.com.mx\/?page_id=1424\">Corte L\u00e1ser<\/a>\u00a0 \u00a0<a href=\"https:\/\/maximusdesign.com.mx\/?page_id=1657\">Mobiliario POP<\/a>\u00a0 \u00a0<a href=\"https:\/\/maximusdesign.com.mx\/?page_id=2005\">Celos\u00edas<\/a>\u00a0 \u00a0<a href=\"https:\/\/maximusdesign.com.mx\/?page_id=1624\">Anuncios Luminosos<\/a><\/h6>\n<p>[\/vc_column_text][\/vc_column][\/vc_row][vc_row][vc_column][vc_empty_space height=\u00bb50px\u00bb][vc_video link=\u00bbhttps:\/\/vimeo.com\/426073094&#8243; align=\u00bbcenter\u00bb][vc_masonry_media_grid grid_id=\u00bbvc_gid:1591582942964-0b8c53f9-fe5f-5&#8243; include=\u00bb2120,2121,2125&#8243;][\/vc_column][vc_column offset=\u00bbvc_hidden-xs\u00bb][\/vc_column][\/vc_row][vc_row full_width=\u00bbstretch_row\u00bb css=\u00bb.vc_custom_1591326053261{background-color: #ffffff !important;}\u00bb][vc_column width=\u00bb1\/4&#8243;][\/vc_column][vc_column width=\u00bb2\/3&#8243; offset=\u00bbvc_hidden-xs\u00bb][vc_empty_space height=\u00bb50px\u00bb][vc_custom_heading text=\u00bbMuy pronto&#8230;\u00bb font_container=\u00bbtag:h2|text_align:left|color:%2300abeb\u00bb google_fonts=\u00bbfont_family:Montserrat%3Aregular%2C700|font_style:700%20bold%20regular%3A700%3Anormal\u00bb]<div class=\"konte-countdown text-dark type-full  wpb_animate_when_almost_visible wpb_fadeIn fadeIn \"><div class=\"timers\" data-date=\"2020\/09\/15\"><div class=\"timer-day konte-countdown__box\"><span class=\"time day\"><\/span><span class=\"konte-countdown__box-label\">Days<\/span><\/div><div class=\"timer-hour konte-countdown__box\"><span class=\"time hour\"><\/span><span class=\"konte-countdown__box-label\">Hours<\/span><\/div><div class=\"timer-min konte-countdown__box\"><span class=\"time min\"><\/span><span class=\"konte-countdown__box-label\">Minutes<\/span><\/div><div class=\"timer-secs konte-countdown__box\"><span class=\"time secs\"><\/span><span class=\"konte-countdown__box-label\">Seconds<\/span><\/div><\/div><\/div>[vc_empty_space height=\u00bb50px\u00bb][\/vc_column][\/vc_row][vc_row][vc_column]<p class=\"konte-button-wrapper text-center\"><a href=\"http:\/\/maximusdesign.com.mx\/wp-content\/uploads\/2020\/06\/MAXIMUS_BROCHURE-1.pdf\" target=\" _blank\" class=\"konte-button button-outline text-dark align-center large   button rounded\">DESCARGA NUESTRO BROCHURE<\/a><\/p>[\/vc_column][\/vc_row]<\/p>\n","protected":false},"excerpt":{"rendered":"<p>[vc_row][vc_column el_class=\u00bbcolor-black\u00bb css=\u00bb.vc_custom_1590970726072{margin-top: 30px !important;}\u00bb offset=\u00bbvc_hidden-lg vc_hidden-md vc_hidden-sm vc_col-xs-12&#8243;][vc_column_text] Precisi\u00f3n en CORTE. [\/vc_column_text][vc_column_text] L\u00e1ser Fibra \u00d3ptica [\/vc_column_text][vc_column_text] Nuestra cortadora l\u00e1ser de fibra \u00f3ptica es una m\u00e1quina que corta metales por&hellip;<\/p>\n","protected":false},"author":1,"featured_media":0,"parent":0,"menu_order":0,"comment_status":"closed","ping_status":"closed","template":"","meta":{"footnotes":""},"class_list":["post-2099","page","type-page","status-publish","hentry"],"_links":{"self":[{"href":"https:\/\/maximusdesign.com.mx\/index.php?rest_route=\/wp\/v2\/pages\/2099","targetHints":{"allow":["GET"]}}],"collection":[{"href":"https:\/\/maximusdesign.com.mx\/index.php?rest_route=\/wp\/v2\/pages"}],"about":[{"href":"https:\/\/maximusdesign.com.mx\/index.php?rest_route=\/wp\/v2\/types\/page"}],"author":[{"embeddable":true,"href":"https:\/\/maximusdesign.com.mx\/index.php?rest_route=\/wp\/v2\/users\/1"}],"replies":[{"embeddable":true,"href":"https:\/\/maximusdesign.com.mx\/index.php?rest_route=%2Fwp%2Fv2%2Fcomments&post=2099"}],"version-history":[{"count":22,"href":"https:\/\/maximusdesign.com.mx\/index.php?rest_route=\/wp\/v2\/pages\/2099\/revisions"}],"predecessor-version":[{"id":2146,"href":"https:\/\/maximusdesign.com.mx\/index.php?rest_route=\/wp\/v2\/pages\/2099\/revisions\/2146"}],"wp:attachment":[{"href":"https:\/\/maximusdesign.com.mx\/index.php?rest_route=%2Fwp%2Fv2%2Fmedia&parent=2099"}],"curies":[{"name":"wp","href":"https:\/\/api.w.org\/{rel}","templated":true}]}}