{"id":1713,"date":"2020-03-21T03:43:57","date_gmt":"2020-03-21T03:43:57","guid":{"rendered":"http:\/\/maximusdesign.com.mx\/?page_id=1713"},"modified":"2020-06-03T04:26:14","modified_gmt":"2020-06-03T04:26:14","slug":"home-v9-22","status":"publish","type":"page","link":"https:\/\/maximusdesign.com.mx\/?page_id=1713","title":{"rendered":"Landing Maximus"},"content":{"rendered":"<p>[vc_row full_width=\u00bbstretch_row_content_no_spaces\u00bb][vc_column]\n\t\t\t<!-- START LANDING PAGE REVOLUTION SLIDER 6.1.8 --><p class=\"rs-p-wp-fix\"><\/p>\n\t\t\t<rs-module-wrap id=\"rev_slider_2_1_wrapper\" data-source=\"gallery\" style=\"background:rgba(NaN,NaN,NaN,0);padding:0;\">\n\t\t\t\t<rs-module id=\"rev_slider_2_1\" style=\"display:none;\" data-version=\"6.1.8\">\n\t\t\t\t\t<rs-slides>\n\t\t\t\t\t\t<rs-slide data-key=\"rs-7\" data-title=\"Slide\" data-anim=\"ei:d;eo:d;s:600;r:0;t:fade;sl:d;\">\n\t\t\t\t\t\t\t<img loading=\"lazy\" decoding=\"async\" src=\"\/\/maximusdesign.com.mx\/wp-content\/uploads\/2020\/04\/MAXIMUSlanding00.png\" title=\"MAXIMUSlanding00\" width=\"2060\" height=\"1098\" class=\"rev-slidebg\" data-no-retina>\n<!--\n\t\t\t\t\t\t\t--><rs-layer\n\t\t\t\t\t\t\t\tid=\"slider-2-slide-7-layer-1\" \n\t\t\t\t\t\t\t\tdata-type=\"text\"\n\t\t\t\t\t\t\t\tdata-tsh=\"c:#000000;h:3px;v:5px;b:6px;\"\n\t\t\t\t\t\t\t\tdata-xy=\"x:c;xo:-71px,0,0,0;y:m;yo:-16px,95px,19px,0;\"\n\t\t\t\t\t\t\t\tdata-text=\"w:nowrap,nowrap,nowrap,normal;s:116,60,60,45;l:137,70,70,70;a:left,left,inherit,center;\"\n\t\t\t\t\t\t\t\tdata-dim=\"w:458,auto,435px,319px;\"\n\t\t\t\t\t\t\t\tdata-rsp_o=\"off\"\n\t\t\t\t\t\t\t\tdata-rsp_bd=\"off\"\n\t\t\t\t\t\t\t\tdata-frame_0=\"y:100%;tp:600;\"\n\t\t\t\t\t\t\t\tdata-frame_0_mask=\"u:t;y:100%;\"\n\t\t\t\t\t\t\t\tdata-frame_1=\"tp:600;e:Power2.easeInOut;sp:830;sR:10;\"\n\t\t\t\t\t\t\t\tdata-frame_1_mask=\"u:t;\"\n\t\t\t\t\t\t\t\tdata-frame_999=\"o:0;tp:600;st:w;sR:8160;\"\n\t\t\t\t\t\t\t\tstyle=\"z-index:8;font-family:Bebas Neue;\"\n\t\t\t\t\t\t\t>CORTE L\u00c1SER \n\t\t\t\t\t\t\t<\/rs-layer><!--\n\n\t\t\t\t\t\t\t--><rs-layer\n\t\t\t\t\t\t\t\tid=\"slider-2-slide-7-layer-14\" \n\t\t\t\t\t\t\t\tdata-type=\"text\"\n\t\t\t\t\t\t\t\tdata-color=\"#00abeb\"\n\t\t\t\t\t\t\t\tdata-rsp_ch=\"on\"\n\t\t\t\t\t\t\t\tdata-xy=\"xo:355px,239px,196px,123px;yo:548px,369px,304px,259px;\"\n\t\t\t\t\t\t\t\tdata-text=\"w:normal;s:77,51,42,25;l:117,78,64,39;fw:500;\"\n\t\t\t\t\t\t\t\tdata-dim=\"minh:0,none,none,none;\"\n\t\t\t\t\t\t\t\tdata-frame_999=\"o:0;st:w;\"\n\t\t\t\t\t\t\t\tstyle=\"z-index:9;font-family:Roboto;\"\n\t\t\t\t\t\t\t>Router CNC \n\t\t\t\t\t\t\t<\/rs-layer><!--\n\n\t\t\t\t\t\t\t--><rs-layer\n\t\t\t\t\t\t\t\tid=\"slider-2-slide-7-layer-19\" \n\t\t\t\t\t\t\t\tdata-type=\"shape\"\n\t\t\t\t\t\t\t\tdata-rsp_ch=\"on\"\n\t\t\t\t\t\t\t\tdata-xy=\"xo:291px,196px,161px,-6px;yo:803px,541px,445px,410px;\"\n\t\t\t\t\t\t\t\tdata-text=\"w:normal;s:20,13,10,6;l:0,16,13,8;\"\n\t\t\t\t\t\t\t\tdata-dim=\"w:1292px,871px,717px,491px;h:208px,140px,115px,160px;\"\n\t\t\t\t\t\t\t\tdata-frame_999=\"o:0;st:w;\"\n\t\t\t\t\t\t\t\tstyle=\"z-index:10;background-color:#ffffff;\"\n\t\t\t\t\t\t\t> \n\t\t\t\t\t\t\t<\/rs-layer><!--\n\n\t\t\t\t\t\t\t--><rs-layer\n\t\t\t\t\t\t\t\tid=\"slider-2-slide-7-layer-20\" \n\t\t\t\t\t\t\t\tclass=\"formu-de-contacto rev-btn\"\n\t\t\t\t\t\t\t\tdata-type=\"button\"\n\t\t\t\t\t\t\t\tdata-rsp_ch=\"on\"\n\t\t\t\t\t\t\t\tdata-xy=\"x:r;xo:-90px,-60px,-49px,110px;yo:857px,577px,475px,542px;\"\n\t\t\t\t\t\t\t\tdata-text=\"w:normal;s:18,12,9,13;l:50,33,27,41;fw:700;a:center;\"\n\t\t\t\t\t\t\t\tdata-dim=\"w:329px,221px,182px,287px;h:50px,33px,27px,41px;minh:0,none,none,none;\"\n\t\t\t\t\t\t\t\tdata-actions='o:click;a:callback;'\n\t\t\t\t\t\t\t\tdata-padding=\"r:45,30,25,38;l:45,30,25,38;\"\n\t\t\t\t\t\t\t\tdata-border=\"bor:20px,20px,20px,20px;\"\n\t\t\t\t\t\t\t\tdata-frame_999=\"o:0;st:w;\"\n\t\t\t\t\t\t\t\tdata-frame_hover=\"bgc:#007aff;bor:20px,20px,20px,20px;sp:100;e:Power1.easeInOut;bri:120%;\"\n\t\t\t\t\t\t\t\tstyle=\"z-index:11;background-color:#00abeb;font-family:Montserrat;\"\n\t\t\t\t\t\t\t>SOLICITAR COTIZACI\u00d3N \n\t\t\t\t\t\t\t<\/rs-layer><!--\n\n\t\t\t\t\t\t\t--><rs-layer\n\t\t\t\t\t\t\t\tid=\"slider-2-slide-7-layer-21\" \n\t\t\t\t\t\t\t\tdata-type=\"text\"\n\t\t\t\t\t\t\t\tdata-color=\"#141414\"\n\t\t\t\t\t\t\t\tdata-rsp_ch=\"on\"\n\t\t\t\t\t\t\t\tdata-xy=\"xo:358px,241px,198px,12px;yo:853px,575px,473px,440px;\"\n\t\t\t\t\t\t\t\tdata-text=\"w:normal;s:23,15,12,16;l:36,24,19,26;fw:500;a:left,left,left,center;\"\n\t\t\t\t\t\t\t\tdata-dim=\"w:773,521,429,457px;minh:0,none,none,none;\"\n\t\t\t\t\t\t\t\tdata-frame_999=\"o:0;st:w;\"\n\t\t\t\t\t\t\t\tstyle=\"z-index:12;font-family:Roboto;\"\n\t\t\t\t\t\t\t>Emprendedores mexicanos, cuya misi\u00f3n es <br> brindar de manera eficiente y \u00e1gil: <br>Servicios de Maquila en Corte L\u00e1ser y Router CNC. \n\t\t\t\t\t\t\t<\/rs-layer><!--\n-->\t\t\t\t\t\t<\/rs-slide>\n\t\t\t\t\t<\/rs-slides>\n\t\t\t\t\t<rs-static-layers><!--\n\n\t\t\t\t\t\t\t--><rs-layer\n\t\t\t\t\t\t\t\tid=\"slider-2-slide-2-layer-6\" \n\t\t\t\t\t\t\t\tclass=\"rs-layer-static\"\n\t\t\t\t\t\t\t\tdata-type=\"text\"\n\t\t\t\t\t\t\t\tdata-rsp_ch=\"on\"\n\t\t\t\t\t\t\t\tdata-xy=\"x:r;xo:-28px;y:m;yo:-1px;\"\n\t\t\t\t\t\t\t\tdata-text=\"l:22;a:inherit;\"\n\t\t\t\t\t\t\t\tdata-vbility=\"t,t,f,f\"\n\t\t\t\t\t\t\t\tdata-basealign=\"slide\"\n\t\t\t\t\t\t\t\tdata-onslides=\"s:1;\"\n\t\t\t\t\t\t\t\tdata-frame_0=\"rZ:90;tp:600;\"\n\t\t\t\t\t\t\t\tdata-frame_1=\"rZ:90;tp:600;st:0;\"\n\t\t\t\t\t\t\t\tdata-frame_999=\"o:0;tp:600;st:w;sR:8700;\"\n\t\t\t\t\t\t\t\tstyle=\"z-index:17;font-family:function_pro, Poppins, sans-serif;\"\n\t\t\t\t\t\t\t><span class=\"slider-social-menu\">\n\t<a href=\"\/\/facebook.com\" target=\"_blank\" rel=\"nofollow\">FB<\/a>\n\t<a href=\"\/\/instagram.com\" target=\"_blank\" rel=\"nofollow\">IG<\/a>\n\t<a href=\"\/\/twitter.com\" target=\"_blank\" rel=\"nofollow\">TW<\/a>\n\t<a href=\"\/\/pinterest.com\" target=\"_blank\" rel=\"nofollow\">PT<\/a>\n<\/span> \n\t\t\t\t\t\t\t<\/rs-layer><!--\n\n\t\t\t\t\t\t\t--><rs-layer\n\t\t\t\t\t\t\t\tid=\"slider-2-slide-2-layer-7\" \n\t\t\t\t\t\t\t\tclass=\"rs-layer-static\"\n\t\t\t\t\t\t\t\tdata-type=\"text\"\n\t\t\t\t\t\t\t\tdata-rsp_ch=\"on\"\n\t\t\t\t\t\t\t\tdata-xy=\"x:r;xo:50px;y:b;yo:55px;\"\n\t\t\t\t\t\t\t\tdata-text=\"l:22;a:inherit;\"\n\t\t\t\t\t\t\t\tdata-vbility=\"t,t,f,f\"\n\t\t\t\t\t\t\t\tdata-actions='o:click;a:scrollbelow;sp:800;e:Power0.easeIn;'\n\t\t\t\t\t\t\t\tdata-basealign=\"slide\"\n\t\t\t\t\t\t\t\tdata-onslides=\"s:1;\"\n\t\t\t\t\t\t\t\tdata-frame_0=\"y:-50px;tp:600;\"\n\t\t\t\t\t\t\t\tdata-frame_1=\"tp:600;st:0;sp:800;\"\n\t\t\t\t\t\t\t\tdata-frame_999=\"o:0;tp:600;st:w;sR:8200;\"\n\t\t\t\t\t\t\t\tstyle=\"z-index:18;font-family:Open Sans;cursor:pointer;\"\n\t\t\t\t\t\t\t><svg xmlns=\"http:\/\/www.w3.org\/2000\/svg\" xmlns:xlink=\"http:\/\/www.w3.org\/1999\/xlink\" x=\"0px\" y=\"0px\" width=\"32px\" height=\"32px\" viewBox=\"0 0 32 32\" enable-background=\"new 0 0 32 32\" xml:space=\"preserve\">\n<g>\n\t<rect fill=\"none\" width=\"32\" height=\"32\"\/>\n\t<path d=\"M17,18V4h-2v14H9l7,10l7-10H17z M15.96,24.512L12.841,20H19h0.079L15.96,24.512z\" fill=\"#fff\"\/>\n<\/g>\n<\/svg> \n\t\t\t\t\t\t\t<\/rs-layer><!--\n\t\t\t\t\t--><\/rs-static-layers>\n\t\t\t\t\t<rs-progress class=\"rs-bottom\" style=\"visibility: hidden !important;\"><\/rs-progress>\n\t\t\t\t<\/rs-module>\n\t\t\t\t<script type=\"text\/javascript\">\n\t\t\t\t\tsetREVStartSize({c: 'rev_slider_2_1',rl:[1240,1024,778,480],el:[1000,768,960,720],gw:[1400,944,778,480],gh:[1000,768,960,720],type:'standard',justify:'',layout:'fullscreen',offsetContainer:'#topbar',offset:'',mh:\"0\"});\n\t\t\t\t\tvar\trevapi2,\n\t\t\t\t\t\ttpj;\n\t\t\t\t\tjQuery(function() {\n\t\t\t\t\t\ttpj = jQuery;\n\t\t\t\t\t\tif(tpj(\"#rev_slider_2_1\").revolution == undefined){\n\t\t\t\t\t\t\trevslider_showDoubleJqueryError(\"#rev_slider_2_1\");\n\t\t\t\t\t\t}else{\n\t\t\t\t\t\t\trevapi2 = tpj(\"#rev_slider_2_1\").show().revolution({\n\t\t\t\t\t\t\t\tjsFileLocation:\"\/\/maximusdesign.com.mx\/wp-content\/plugins\/revslider\/public\/assets\/js\/\",\n\t\t\t\t\t\t\t\tsliderLayout:\"fullscreen\",\n\t\t\t\t\t\t\t\tvisibilityLevels:\"1240,1024,778,480\",\n\t\t\t\t\t\t\t\tgridwidth:\"1400,944,778,480\",\n\t\t\t\t\t\t\t\tgridheight:\"1000,768,960,720\",\n\t\t\t\t\t\t\t\tspinner:\"spinner2\",\n\t\t\t\t\t\t\t\teditorheight:\"1000,768,960,720\",\n\t\t\t\t\t\t\t\tresponsiveLevels:\"1240,1024,778,480\",\n\t\t\t\t\t\t\t\tfullScreenOffsetContainer:\"#topbar\",\n\t\t\t\t\t\t\t\tdisableProgressBar:\"on\",\n\t\t\t\t\t\t\t\tnavigation: {\n\t\t\t\t\t\t\t\t\tonHoverStop:false\n\t\t\t\t\t\t\t\t},\n\t\t\t\t\t\t\t\tfallbacks: {\n\t\t\t\t\t\t\t\t\tallowHTML5AutoPlayOnAndroid:true\n\t\t\t\t\t\t\t\t},\n\t\t\t\t\t\t\t});\n\t\t\t\t\t\t}\n\t\t\t\t\t\t\n\t\t\t\t\t});\n\t\t\t\t<\/script>\n\t\t\t\t<script>\n\t\t\t\t\tvar htmlDivCss = unescape(\"%40media%20screen%20and%20%28max-width%3A%20991px%29%20%7B%0A%20%09.tp-bullets.konte%20%7B%0A%09%09%20%20%20%20transform%3A%20matrix%281%2C%200%2C%200%2C%201%2C%2020%2C%20-40%29%20%21important%3B%0A%20%20%20%20%7D%0A%7D%0A%0A%40media%20screen%20and%20%28max-width%3A%20480px%29%20%7B%0A%20%09.tp-bullets.konte%20%7B%0A%09%09%20%20%20%20transform%3A%20matrix%281%2C%200%2C%200%2C%201%2C%2020%2C%20-32%29%20%21important%3B%0A%20%20%20%20%7D%0A%7D%0A.slider-social-menu%20%7B%0A%09font-family%3A%20inherit%3B%0A%09font-size%3A%2012px%3B%0A%09font-weight%3A%20600%3B%0A%09text-transform%3A%20uppercase%3B%0A%7D%0A%0A.slider-social-menu%20a%20%7B%0A%09color%3A%20inherit%3B%0A%09display%3A%20inline-block%3B%0A%09margin%3A%200%2015px%3B%0A%09border-bottom%3A%202px%20solid%20transparent%3B%0A%20%09transition%3A%200.4s%3B%0A%7D%0A%0A.slider-social-menu%20a%3Ahover%20%7B%0A%20%20%09color%3A%20%23b8a08d%3B%0A%09border-bottom-color%3A%20inherit%3B%0A%7D\");\n\t\t\t\t\tvar htmlDiv = document.getElementById('rs-plugin-settings-inline-css');\n\t\t\t\t\tif(htmlDiv) {\n\t\t\t\t\t\thtmlDiv.innerHTML = htmlDiv.innerHTML + htmlDivCss;\n\t\t\t\t\t}else{\n\t\t\t\t\t\tvar htmlDiv = document.createElement('div');\n\t\t\t\t\t\thtmlDiv.innerHTML = '<style>' + htmlDivCss + '<\/style>';\n\t\t\t\t\t\tdocument.getElementsByTagName('head')[0].appendChild(htmlDiv.childNodes[0]);\n\t\t\t\t\t}\n\t\t\t\t<\/script>\n\t\t\t\t<script>\n\t\t\t\t\tvar htmlDivCss = ' #rev_slider_2_1_wrapper rs-loader.spinner2{ background-color: #161619 !important; } '\n\t\t\t\t\tvar htmlDiv = document.getElementById('rs-plugin-settings-inline-css');\n\t\t\t\t\tif(htmlDiv) {\n\t\t\t\t\t\thtmlDiv.innerHTML = htmlDiv.innerHTML + htmlDivCss;\n\t\t\t\t\t}else{\n\t\t\t\t\t\tvar htmlDiv = document.createElement('div');\n\t\t\t\t\t\thtmlDiv.innerHTML = '<style>' + htmlDivCss + '<\/style>';\n\t\t\t\t\t\tdocument.getElementsByTagName('head')[0].appendChild(htmlDiv.childNodes[0]);\n\t\t\t\t\t}\n\t\t\t\t<\/script>\n\t\t\t<\/rs-module-wrap>\n\t\t\t<!-- END REVOLUTION SLIDER -->\n[\/vc_column][\/vc_row][vc_row][vc_column width=\u00bb1\/2&#8243;][vc_empty_space height=\u00bb150px\u00bb][vc_column_text]<\/p>\n<h4 class=\"titulo-servicio\" style=\"font-family: spartan, sans-serif; line-height: 1.2; font-weight: bold; color: black; text-align: right;\">Vamos a<br \/>\nconstruir tus <span style=\"color: #00abeb;\">ideas.<\/span><\/h4>\n<h1 class=\"router\" style=\"font-family: spartan, sans-serif; line-height: 1; font-weight: bold; color: #00abeb; text-align: right;\">Router CNC<\/h1>\n<p>[\/vc_column_text][vc_single_image image=\u00bb1809&#8243; img_size=\u00bbmedium\u00bb alignment=\u00bbright\u00bb][\/vc_column][vc_column width=\u00bb1\/2&#8243;][vc_empty_space height=\u00bb100px\u00bb][vc_single_image image=\u00bb1746&#8243; img_size=\u00bbfull\u00bb alignment=\u00bbcenter\u00bb][\/vc_column][\/vc_row][vc_row][vc_column]<div class=\"konte-empty-space \" aria-hidden=\"true\"><div class=\"konte-empty-space__xs visible-xs\" style=\"height:30px\"><\/div><div class=\"konte-empty-space__sm visible-sm\" style=\"height:50px\"><\/div><div class=\"konte-empty-space__md visible-md\" style=\"height:50px\"><\/div><div class=\"konte-empty-space__lg visible-lg\" style=\"height:50px\"><\/div><\/div>[\/vc_column][\/vc_row][vc_row][vc_column][vc_masonry_media_grid gap=\u00bb0&#8243; grid_id=\u00bbvc_gid:1591158358130-c75949ad-f307-2&#8243; include=\u00bb1754,1757,1818&#8243;][\/vc_column][\/vc_row][vc_row][vc_column width=\u00bb5\/12&#8243;][vc_empty_space height=\u00bb80px\u00bb][vc_column_text]<\/p>\n<h1 class=\"titulo\" style=\"font-family: spartan, sans-serif; line-height: 1; font-weight: bold; color: #00abeb; text-align: right;\">Servicio<br \/>\n<span style=\"color: black;\">24 hrs.<br \/>\n<\/span> 365 d\u00edas.<\/h1>\n<p>[\/vc_column_text][\/vc_column][vc_column width=\u00bb1\/6&#8243;][vc_empty_space height=\u00bb80px\u00bb][vc_single_image image=\u00bb1762&#8243; img_size=\u00bbfull\u00bb alignment=\u00bbcenter\u00bb][\/vc_column][vc_column width=\u00bb5\/12&#8243;][vc_empty_space height=\u00bb80px\u00bb][vc_column_text]<\/p>\n<h1 class=\"titulo\" style=\"font-family: spartan, sans-serif; line-height: 1; font-weight: bold; color: black; text-align: left;\">Contamos con<span style=\"color: #00abeb;\"> entrega a domicilio.<\/span><\/h1>\n<p>[\/vc_column_text][\/vc_column][\/vc_row][vc_row][vc_column][vc_empty_space height=\u00bb90px\u00bb][\/vc_column][\/vc_row][vc_row][vc_column][vc_masonry_media_grid element_width=\u00bb2&#8243; gap=\u00bb0&#8243; grid_id=\u00bbvc_gid:1591158358137-1173da01-2dee-1&#8243; include=\u00bb1488,1491,1492,1478,1477,1489,1802,1803,1804,1805,1806,1807&#8243;][\/vc_column][\/vc_row][vc_row][vc_column]<p class=\"konte-button-wrapper text-center\"><span class=\"konte-button button-normal text-dark align-center large  formu-de-contacto button rounded\">Cont\u00e1ctanos<\/span><\/p>[\/vc_column][\/vc_row]<\/p>\n","protected":false},"excerpt":{"rendered":"<p>[vc_row full_width=\u00bbstretch_row_content_no_spaces\u00bb][vc_column][\/vc_column][\/vc_row][vc_row][vc_column width=\u00bb1\/2&#8243;][vc_empty_space height=\u00bb150px\u00bb][vc_column_text] Vamos a construir tus ideas. Router CNC [\/vc_column_text][vc_single_image image=\u00bb1809&#8243; img_size=\u00bbmedium\u00bb alignment=\u00bbright\u00bb][\/vc_column][vc_column width=\u00bb1\/2&#8243;][vc_empty_space height=\u00bb100px\u00bb][vc_single_image image=\u00bb1746&#8243; img_size=\u00bbfull\u00bb alignment=\u00bbcenter\u00bb][\/vc_column][\/vc_row][vc_row][vc_column][\/vc_column][\/vc_row][vc_row][vc_column][vc_masonry_media_grid gap=\u00bb0&#8243; grid_id=\u00bbvc_gid:1591158358130-c75949ad-f307-2&#8243; include=\u00bb1754,1757,1818&#8243;][\/vc_column][\/vc_row][vc_row][vc_column width=\u00bb5\/12&#8243;][vc_empty_space height=\u00bb80px\u00bb][vc_column_text] Servicio 24 hrs. 365 d\u00edas.&hellip;<\/p>\n","protected":false},"author":1,"featured_media":0,"parent":0,"menu_order":0,"comment_status":"closed","ping_status":"closed","template":"templates\/large-container.php","meta":{"footnotes":""},"class_list":["post-1713","page","type-page","status-publish","hentry"],"_links":{"self":[{"href":"https:\/\/maximusdesign.com.mx\/index.php?rest_route=\/wp\/v2\/pages\/1713","targetHints":{"allow":["GET"]}}],"collection":[{"href":"https:\/\/maximusdesign.com.mx\/index.php?rest_route=\/wp\/v2\/pages"}],"about":[{"href":"https:\/\/maximusdesign.com.mx\/index.php?rest_route=\/wp\/v2\/types\/page"}],"author":[{"embeddable":true,"href":"https:\/\/maximusdesign.com.mx\/index.php?rest_route=\/wp\/v2\/users\/1"}],"replies":[{"embeddable":true,"href":"https:\/\/maximusdesign.com.mx\/index.php?rest_route=%2Fwp%2Fv2%2Fcomments&post=1713"}],"version-history":[{"count":90,"href":"https:\/\/maximusdesign.com.mx\/index.php?rest_route=\/wp\/v2\/pages\/1713\/revisions"}],"predecessor-version":[{"id":2084,"href":"https:\/\/maximusdesign.com.mx\/index.php?rest_route=\/wp\/v2\/pages\/1713\/revisions\/2084"}],"wp:attachment":[{"href":"https:\/\/maximusdesign.com.mx\/index.php?rest_route=%2Fwp%2Fv2%2Fmedia&parent=1713"}],"curies":[{"name":"wp","href":"https:\/\/api.w.org\/{rel}","templated":true}]}}