{"id":1424,"date":"2020-03-01T16:40:25","date_gmt":"2020-03-01T16:40:25","guid":{"rendered":"http:\/\/maximusdesign.com.mx\/?page_id=1424"},"modified":"2020-06-08T02:17:50","modified_gmt":"2020-06-08T02:17:50","slug":"anuncios-luminosos-2","status":"publish","type":"page","link":"https:\/\/maximusdesign.com.mx\/?page_id=1424","title":{"rendered":"Router CNC &#038; l\u00e1ser"},"content":{"rendered":"<p>[vc_row][vc_column el_class=\u00bbcolor-black\u00bb css=\u00bb.vc_custom_1590970572619{margin-top: 30px !important;}\u00bb offset=\u00bbvc_hidden-lg vc_hidden-md vc_hidden-sm vc_col-xs-12&#8243;][vc_column_text]<\/p>\n<h4 style=\"font-family: 'Spartan', sans-serif; line-height: 1.3; font-weight: 600;\">Permite la materializaci\u00f3n<br \/>\nde dise\u00f1os e ideas<\/h4>\n<p>[\/vc_column_text][vc_column_text]<\/p>\n<h1 class=\"titulo-servicio\" style=\"font-family: 'Spartan', sans-serif; line-height: 1; font-weight: bold; font-size: 45px;\">Router CNC<br \/>\n&amp; l\u00e1ser<\/h1>\n<p>[\/vc_column_text][vc_column_text]<\/p>\n<h6 style=\"max-width: 640px; font-family: 'Spartan', sans-serif; line-height: 1.5; font-weight: 400;\">La limitante de los dise\u00f1os es pr\u00e1cticamente inexistente, es considerada una de las m\u00e1quinas m\u00e1s vers\u00e1tiles para el corte en tres y dos dimensiones sobre cualquier tipo de superficie.<\/h6>\n<p>[\/vc_column_text][vc_column_text]<\/p>\n<h6><a href=\"https:\/\/maximusdesign.com.mx\/?page_id=1424\"><b> &gt; Corte L\u00e1ser<\/b><\/a>\u00a0 \u00a0<a href=\"https:\/\/maximusdesign.com.mx\/?page_id=1657\">mobiliario POP<\/a>\u00a0 \u00a0<a href=\"https:\/\/maximusdesign.com.mx\/?page_id=1624\">Anuncios Luminosos<\/a>\u00a0 \u00a0<a href=\"https:\/\/maximusdesign.com.mx\/?page_id=2005\">Celos\u00edas<\/a><\/h6>\n<p>[\/vc_column_text][\/vc_column][\/vc_row][vc_row][vc_column el_class=\u00bbcolor-black\u00bb css=\u00bb.vc_custom_1590970616935{margin-top: 30px !important;}\u00bb offset=\u00bbvc_hidden-xs\u00bb][vc_column_text]<\/p>\n<h4 style=\"font-family: 'Spartan', sans-serif; line-height: 1.3; font-weight: 600;\">Permite la materializaci\u00f3n<br \/>\nde dise\u00f1os e ideas<\/h4>\n<p>[\/vc_column_text][vc_column_text]<\/p>\n<h1 class=\"titulo-servicio\" style=\"font-family: 'Spartan', sans-serif; line-height: 1; font-weight: bold;\">Router CNC<br \/>\n&amp; l\u00e1ser<\/h1>\n<p>[\/vc_column_text][vc_column_text]<\/p>\n<h6 style=\"max-width: 640px; font-family: 'Spartan', sans-serif; line-height: 1.5; font-weight: 400;\">La limitante de los dise\u00f1os es pr\u00e1cticamente inexistente, es considerada una de las m\u00e1quinas m\u00e1s vers\u00e1tiles para el corte en tres y dos dimensiones sobre cualquier tipo de superficie.<\/h6>\n<p>[\/vc_column_text][vc_column_text]<\/p>\n<h6><a href=\"https:\/\/maximusdesign.com.mx\/?page_id=1424\"><b> &gt; Corte L\u00e1ser<\/b><\/a>\u00a0 \u00a0<a href=\"https:\/\/maximusdesign.com.mx\/?page_id=1657\">mobiliario POP<\/a>\u00a0 \u00a0<a href=\"https:\/\/maximusdesign.com.mx\/?page_id=1624\">Anuncios Luminosos<\/a>\u00a0 \u00a0<a href=\"https:\/\/maximusdesign.com.mx\/?page_id=2005\">Celos\u00edas<\/a><\/h6>\n<p>[\/vc_column_text][\/vc_column][\/vc_row][vc_row][vc_column offset=\u00bbvc_hidden-lg vc_hidden-md vc_hidden-sm\u00bb][vc_video link=\u00bbhttps:\/\/vimeo.com\/422061503&#8243;][\/vc_column][\/vc_row][vc_row][vc_column offset=\u00bbvc_hidden-xs\u00bb][vc_masonry_media_grid element_width=\u00bb6&#8243; gap=\u00bb30&#8243; grid_id=\u00bbvc_gid:1591582674844-04569564-fd81-5&#8243; include=\u00bb1905,1907,1584,1496,1366,1583,1495,1904,1906&#8243;][vc_empty_space height=\u00bb70px\u00bb][vc_video link=\u00bbhttps:\/\/vimeo.com\/422061503&#8243;][\/vc_column][\/vc_row][vc_row][vc_column][vc_masonry_media_grid element_width=\u00bb3&#8243; gap=\u00bb0&#8243; grid_id=\u00bbvc_gid:1591582674894-44d52976-2750-5&#8243; include=\u00bb1898,1478,1486,1585,1485,1480,1484,1489,1492,1488,1493&#8243;][vc_row_inner][vc_column_inner][vc_media_grid style=\u00bbpagination\u00bb items_per_page=\u00bb6&#8243; element_width=\u00bb2&#8243; gap=\u00bb0&#8243; paging_design=\u00bbpoint_dots\u00bb loop=\u00bbyes\u00bb autoplay=\u00bb5&#8243; item=\u00bbmasonryMedia_SimpleBlurWithScale\u00bb grid_id=\u00bbvc_gid:1591582674897-c15575a5-6e6c-1&#8243; include=\u00bb1874,1875,1876,1877,1878,1879,1880,1881,1882,1883,1884,1885,1886,1887,1888,1889,1890,1891,1892,1893,1894,1895,1896,1897&#8243;][\/vc_column_inner][\/vc_row_inner][\/vc_column][\/vc_row][vc_row][vc_column]<p class=\"konte-button-wrapper text-center\"><a href=\"http:\/\/maximusdesign.com.mx\/wp-content\/uploads\/2020\/06\/MAXIMUS_BROCHURE-1.pdf\" target=\" _blank\" class=\"konte-button button-outline text-dark align-center large   button rounded\">DESCARGA NUESTRO BROCHURE<\/a><\/p>[\/vc_column][\/vc_row]<\/p>\n","protected":false},"excerpt":{"rendered":"<p>[vc_row][vc_column el_class=\u00bbcolor-black\u00bb css=\u00bb.vc_custom_1590970572619{margin-top: 30px !important;}\u00bb offset=\u00bbvc_hidden-lg vc_hidden-md vc_hidden-sm vc_col-xs-12&#8243;][vc_column_text] Permite la materializaci\u00f3n de dise\u00f1os e ideas [\/vc_column_text][vc_column_text] Router CNC &amp; l\u00e1ser [\/vc_column_text][vc_column_text] La limitante de los dise\u00f1os es pr\u00e1cticamente inexistente,&hellip;<\/p>\n","protected":false},"author":1,"featured_media":0,"parent":0,"menu_order":0,"comment_status":"closed","ping_status":"closed","template":"","meta":{"footnotes":""},"class_list":["post-1424","page","type-page","status-publish","hentry"],"_links":{"self":[{"href":"https:\/\/maximusdesign.com.mx\/index.php?rest_route=\/wp\/v2\/pages\/1424","targetHints":{"allow":["GET"]}}],"collection":[{"href":"https:\/\/maximusdesign.com.mx\/index.php?rest_route=\/wp\/v2\/pages"}],"about":[{"href":"https:\/\/maximusdesign.com.mx\/index.php?rest_route=\/wp\/v2\/types\/page"}],"author":[{"embeddable":true,"href":"https:\/\/maximusdesign.com.mx\/index.php?rest_route=\/wp\/v2\/users\/1"}],"replies":[{"embeddable":true,"href":"https:\/\/maximusdesign.com.mx\/index.php?rest_route=%2Fwp%2Fv2%2Fcomments&post=1424"}],"version-history":[{"count":79,"href":"https:\/\/maximusdesign.com.mx\/index.php?rest_route=\/wp\/v2\/pages\/1424\/revisions"}],"predecessor-version":[{"id":2142,"href":"https:\/\/maximusdesign.com.mx\/index.php?rest_route=\/wp\/v2\/pages\/1424\/revisions\/2142"}],"wp:attachment":[{"href":"https:\/\/maximusdesign.com.mx\/index.php?rest_route=%2Fwp%2Fv2%2Fmedia&parent=1424"}],"curies":[{"name":"wp","href":"https:\/\/api.w.org\/{rel}","templated":true}]}}